{"id":35107,"date":"2019-03-19T13:42:23","date_gmt":"2019-03-19T13:42:23","guid":{"rendered":"http:\/\/workbook.healthykidshealthyfuture.org\/resources\/"},"modified":"2022-10-25T03:54:02","modified_gmt":"2022-10-25T03:54:02","slug":"resources","status":"publish","type":"page","link":"https:\/\/workbook.healthykidshealthyfuture.org\/es\/resources\/","title":{"rendered":"Resources"},"content":{"rendered":"\t\t<div data-elementor-type=\"wp-page\" data-elementor-id=\"35107\" class=\"elementor elementor-35107 elementor-401\">\n\t\t\t\t\t\t<section class=\"elementor-section elementor-top-section elementor-element elementor-element-ae3ed27 elementor-section-height-full elementor-section-boxed elementor-section-height-default elementor-section-items-middle\" data-id=\"ae3ed27\" data-element_type=\"section\" data-settings=\"{&quot;background_background&quot;:&quot;classic&quot;}\">\n\t\t\t\t\t\t\t<div class=\"elementor-background-overlay\"><\/div>\n\t\t\t\t\t\t\t<div class=\"elementor-container elementor-column-gap-default\">\n\t\t\t\t\t<div class=\"elementor-column elementor-col-100 elementor-top-column elementor-element elementor-element-650cf8c\" data-id=\"650cf8c\" data-element_type=\"column\">\n\t\t\t<div class=\"elementor-widget-wrap elementor-element-populated\">\n\t\t\t\t\t\t<section class=\"elementor-section elementor-inner-section elementor-element elementor-element-ba9266f elementor-reverse-mobile homepage-hero elementor-section-boxed elementor-section-height-default elementor-section-height-default\" data-id=\"ba9266f\" data-element_type=\"section\">\n\t\t\t\t\t\t<div class=\"elementor-container elementor-column-gap-default\">\n\t\t\t\t\t<div class=\"elementor-column elementor-col-100 elementor-inner-column elementor-element elementor-element-6d268ae\" data-id=\"6d268ae\" data-element_type=\"column\">\n\t\t\t<div class=\"elementor-widget-wrap elementor-element-populated\">\n\t\t\t\t\t\t<div class=\"elementor-element elementor-element-2a3b70b elementor-widget elementor-widget-image-box\" data-id=\"2a3b70b\" data-element_type=\"widget\" data-widget_type=\"image-box.default\">\n\t\t\t\t<div class=\"elementor-widget-container\">\n\t\t\t\t\t<div class=\"elementor-image-box-wrapper\"><div class=\"elementor-image-box-content\"><h1 class=\"elementor-image-box-title\">Recursos<\/h1><p class=\"elementor-image-box-description\">Hay varios recursos disponibles para apoyar su Pol\u00edtica de Bienestar y Plan de Acci\u00f3n.<\/p><\/div><\/div>\t\t\t\t<\/div>\n\t\t\t\t<\/div>\n\t\t\t\t\t<\/div>\n\t\t<\/div>\n\t\t\t\t\t<\/div>\n\t\t<\/section>\n\t\t\t\t\t<\/div>\n\t\t<\/div>\n\t\t\t\t\t<\/div>\n\t\t<\/section>\n\t\t\t\t<section class=\"elementor-section elementor-top-section elementor-element elementor-element-5e0b29c elementor-section-boxed elementor-section-height-default elementor-section-height-default\" data-id=\"5e0b29c\" data-element_type=\"section\">\n\t\t\t\t\t\t<div class=\"elementor-container elementor-column-gap-default\">\n\t\t\t\t\t<div class=\"elementor-column elementor-col-100 elementor-top-column elementor-element elementor-element-48468417\" data-id=\"48468417\" data-element_type=\"column\">\n\t\t\t<div class=\"elementor-widget-wrap elementor-element-populated\">\n\t\t\t\t\t\t<section class=\"elementor-section elementor-inner-section elementor-element elementor-element-6244be47 elementor-section-boxed elementor-section-height-default elementor-section-height-default\" data-id=\"6244be47\" data-element_type=\"section\">\n\t\t\t\t\t\t<div class=\"elementor-container elementor-column-gap-default\">\n\t\t\t\t\t<div class=\"elementor-column elementor-col-16 elementor-inner-column elementor-element elementor-element-56f1d279\" data-id=\"56f1d279\" data-element_type=\"column\">\n\t\t\t<div class=\"elementor-widget-wrap\">\n\t\t\t\t\t\t\t<\/div>\n\t\t<\/div>\n\t\t\t\t<div class=\"elementor-column elementor-col-66 elementor-inner-column elementor-element elementor-element-66d1c504\" data-id=\"66d1c504\" data-element_type=\"column\">\n\t\t\t<div class=\"elementor-widget-wrap elementor-element-populated\">\n\t\t\t\t\t\t<div class=\"elementor-element elementor-element-3f971d9a elementor-widget elementor-widget-accordion\" data-id=\"3f971d9a\" data-element_type=\"widget\" data-widget_type=\"accordion.default\">\n\t\t\t\t<div class=\"elementor-widget-container\">\n\t\t\t\t\t\t\t<div class=\"elementor-accordion\">\n\t\t\t\t\t\t\t<div class=\"elementor-accordion-item\">\n\t\t\t\t\t<div id=\"elementor-tab-title-1061\" class=\"elementor-tab-title\" data-tab=\"1\" role=\"button\" aria-controls=\"elementor-tab-content-1061\" aria-expanded=\"false\">\n\t\t\t\t\t\t\t\t\t\t\t\t\t<span class=\"elementor-accordion-icon elementor-accordion-icon-left\" aria-hidden=\"true\">\n\t\t\t\t\t\t\t\t\t\t\t\t\t\t\t<span class=\"elementor-accordion-icon-closed\"><i class=\"fas fa-plus\"><\/i><\/span>\n\t\t\t\t\t\t\t\t<span class=\"elementor-accordion-icon-opened\"><i class=\"fas fa-minus\"><\/i><\/span>\n\t\t\t\t\t\t\t\t\t\t\t\t\t\t<\/span>\n\t\t\t\t\t\t\t\t\t\t\t\t<a class=\"elementor-accordion-title\" tabindex=\"0\">Recurso para respaldar su Pol\u00edtica de bienestar y plan de acci\u00f3n<\/a>\n\t\t\t\t\t<\/div>\n\t\t\t\t\t<div id=\"elementor-tab-content-1061\" class=\"elementor-tab-content elementor-clearfix\" data-tab=\"1\" role=\"region\" aria-labelledby=\"elementor-tab-title-1061\"><p><a href=\"https:\/\/healthykidshealthyfuture.org\/5-healthy-goals\/nurture-healthy-eaters\/\" target=\"_blank\" rel=\"noopener\">Alimentaci\u00f3n saludable<\/a><\/p> <p><a href=\"https:\/\/healthykidshealthyfuture.org\/5-healthy-goals\/provide-healthy-beverages\/\" target=\"_blank\" rel=\"noopener\">Bebidas saludables<\/a><\/p> <p><a href=\"https:\/\/healthykidshealthyfuture.org\/5-healthy-goals\/get-kids-moving\/\" target=\"_blank\" rel=\"noopener\">Actividad f\u00edsica<\/a><\/p> <p><a href=\"https:\/\/healthykidshealthyfuture.org\/5-healthy-goals\/reduce-screen-time\/\" target=\"_blank\" rel=\"noopener\">Tiempo de pantalla<\/a><\/p> <p><a href=\"https:\/\/healthykidshealthyfuture.org\/5-healthy-goals\/support-breast-feeding\/\" target=\"_blank\" rel=\"noopener\">Apoyo para la lactancia<\/a><\/p><\/div>\n\t\t\t\t<\/div>\n\t\t\t\t\t\t\t<div class=\"elementor-accordion-item\">\n\t\t\t\t\t<div id=\"elementor-tab-title-1062\" class=\"elementor-tab-title\" data-tab=\"2\" role=\"button\" aria-controls=\"elementor-tab-content-1062\" aria-expanded=\"false\">\n\t\t\t\t\t\t\t\t\t\t\t\t\t<span class=\"elementor-accordion-icon elementor-accordion-icon-left\" aria-hidden=\"true\">\n\t\t\t\t\t\t\t\t\t\t\t\t\t\t\t<span class=\"elementor-accordion-icon-closed\"><i class=\"fas fa-plus\"><\/i><\/span>\n\t\t\t\t\t\t\t\t<span class=\"elementor-accordion-icon-opened\"><i class=\"fas fa-minus\"><\/i><\/span>\n\t\t\t\t\t\t\t\t\t\t\t\t\t\t<\/span>\n\t\t\t\t\t\t\t\t\t\t\t\t<a class=\"elementor-accordion-title\" tabindex=\"0\">Plan de acci\u00f3n y herramientas de Pol\u00edtica de bienestar<\/a>\n\t\t\t\t\t<\/div>\n\t\t\t\t\t<div id=\"elementor-tab-content-1062\" class=\"elementor-tab-content elementor-clearfix\" data-tab=\"2\" role=\"region\" aria-labelledby=\"elementor-tab-title-1062\"><p><a href=\"\/wp-content\/uploads\/2022\/09\/ActionPlan-Template-es.pdf\" target=\"_blank\" rel=\"noopener\">Plantilla de plan de acci\u00f3n<\/a><\/p><p> <a href=\"\/wp-content\/uploads\/2022\/09\/WW-Sample-Action-Plan_es.pdf\" target=\"_blank\" rel=\"noopener\">Plan de acci\u00f3n de muestra<\/a><\/p><p ><a href=\"\/wp-content\/uploads\/2022\/09\/Blank-TA-Action-Plan-Worksheet_Final_es.pdf\" target=\"_blank\" rel=\"noopener\">Plantilla de plan de acci\u00f3n de TA<\/a><\/ p><p><a href=\"\/wp-content\/uploads\/2022\/09\/Wellness-Policy-Sample_es.pdf\" target=\"_blank\" rel=\"noopener\">Plan de bienestar de muestra<\/a><\/p ><\/div>\n\t\t\t\t<\/div>\n\t\t\t\t\t\t\t<div class=\"elementor-accordion-item\">\n\t\t\t\t\t<div id=\"elementor-tab-title-1063\" class=\"elementor-tab-title\" data-tab=\"3\" role=\"button\" aria-controls=\"elementor-tab-content-1063\" aria-expanded=\"false\">\n\t\t\t\t\t\t\t\t\t\t\t\t\t<span class=\"elementor-accordion-icon elementor-accordion-icon-left\" aria-hidden=\"true\">\n\t\t\t\t\t\t\t\t\t\t\t\t\t\t\t<span class=\"elementor-accordion-icon-closed\"><i class=\"fas fa-plus\"><\/i><\/span>\n\t\t\t\t\t\t\t\t<span class=\"elementor-accordion-icon-opened\"><i class=\"fas fa-minus\"><\/i><\/span>\n\t\t\t\t\t\t\t\t\t\t\t\t\t\t<\/span>\n\t\t\t\t\t\t\t\t\t\t\t\t<a class=\"elementor-accordion-title\" tabindex=\"0\">Recursos adicionales<\/a>\n\t\t\t\t\t<\/div>\n\t\t\t\t\t<div id=\"elementor-tab-content-1063\" class=\"elementor-tab-content elementor-clearfix\" data-tab=\"3\" role=\"region\" aria-labelledby=\"elementor-tab-title-1063\"><p><a href=\"https:\/\/healthykidshealthyfuture.org\" target=\"_blank\" rel=\"noopener\">Ni\u00f1os saludables, futuro saludable<\/a><br \/>Dirigido por Nemours Children&#8217;s Health, Healthy Kids, Healthy Future, son un esfuerzo nacional para promover la alimentaci\u00f3n saludable y la actividad f\u00edsica en el cuidado infantil. El sitio web de Healthy Kids, Healthy Future incluye recursos para instructores, proveedores de servicios de CET y l\u00edderes interesados \u200b\u200ben promover la alimentaci\u00f3n saludable y la actividad f\u00edsica en el cuidado infantil.<\/p><p><a href=\"https:\/\/kidshealth.org\/\" target=\"_blank\" rel=\"noopener\">Nemours KidsHealth<\/a><br \/>Recursos de educaci\u00f3n sobre la salud aprobados por expertos para padres, ni\u00f1os, adolescentes y educadores (desde preescolar hasta el grado 12\u00ba).<\/p><\/div>\n\t\t\t\t<\/div>\n\t\t\t\t\t\t\t\t<\/div>\n\t\t\t\t\t\t<\/div>\n\t\t\t\t<\/div>\n\t\t\t\t\t<\/div>\n\t\t<\/div>\n\t\t\t\t<div class=\"elementor-column elementor-col-16 elementor-inner-column elementor-element elementor-element-4dbedc33\" data-id=\"4dbedc33\" data-element_type=\"column\">\n\t\t\t<div class=\"elementor-widget-wrap\">\n\t\t\t\t\t\t\t<\/div>\n\t\t<\/div>\n\t\t\t\t\t<\/div>\n\t\t<\/section>\n\t\t\t\t\t<\/div>\n\t\t<\/div>\n\t\t\t\t\t<\/div>\n\t\t<\/section>\n\t\t\t\t<\/div>\n\t\t","protected":false},"excerpt":{"rendered":"<p>Recursos Hay varios recursos disponibles para apoyar su Pol\u00edtica de Bienestar y Plan de Acci\u00f3n. Recurso para respaldar su Pol\u00edtica de bienestar y plan de acci\u00f3n Alimentaci\u00f3n saludable Bebidas saludables Actividad f\u00edsica Tiempo de pantalla Apoyo para la lactancia Plan de acci\u00f3n y herramientas de Pol\u00edtica de bienestar Plantilla de plan de acci\u00f3n Plan de &hellip;<\/p>\n<p class=\"read-more\"> <a class=\"\" href=\"https:\/\/workbook.healthykidshealthyfuture.org\/es\/resources\/\"> <span class=\"screen-reader-text\">Resources<\/span> Leer m\u00e1s &raquo;<\/a><\/p>\n","protected":false},"author":1,"featured_media":0,"parent":0,"menu_order":0,"comment_status":"closed","ping_status":"closed","template":"","meta":{"footnotes":""},"class_list":["post-35107","page","type-page","status-publish","hentry"],"_links":{"self":[{"href":"https:\/\/workbook.healthykidshealthyfuture.org\/es\/wp-json\/wp\/v2\/pages\/35107","targetHints":{"allow":["GET"]}}],"collection":[{"href":"https:\/\/workbook.healthykidshealthyfuture.org\/es\/wp-json\/wp\/v2\/pages"}],"about":[{"href":"https:\/\/workbook.healthykidshealthyfuture.org\/es\/wp-json\/wp\/v2\/types\/page"}],"author":[{"embeddable":true,"href":"https:\/\/workbook.healthykidshealthyfuture.org\/es\/wp-json\/wp\/v2\/users\/1"}],"replies":[{"embeddable":true,"href":"https:\/\/workbook.healthykidshealthyfuture.org\/es\/wp-json\/wp\/v2\/comments?post=35107"}],"version-history":[{"count":14,"href":"https:\/\/workbook.healthykidshealthyfuture.org\/es\/wp-json\/wp\/v2\/pages\/35107\/revisions"}],"predecessor-version":[{"id":35480,"href":"https:\/\/workbook.healthykidshealthyfuture.org\/es\/wp-json\/wp\/v2\/pages\/35107\/revisions\/35480"}],"wp:attachment":[{"href":"https:\/\/workbook.healthykidshealthyfuture.org\/es\/wp-json\/wp\/v2\/media?parent=35107"}],"curies":[{"name":"wp","href":"https:\/\/api.w.org\/{rel}","templated":true}]}}