{"id":35105,"date":"2020-01-20T21:57:55","date_gmt":"2020-01-20T21:57:55","guid":{"rendered":"http:\/\/workbook.healthykidshealthyfuture.org\/privacy-policy\/"},"modified":"2022-10-25T03:48:51","modified_gmt":"2022-10-25T03:48:51","slug":"privacy-policy","status":"publish","type":"page","link":"https:\/\/workbook.healthykidshealthyfuture.org\/es\/privacy-policy\/","title":{"rendered":"Privacy Policy"},"content":{"rendered":"\t\t<div data-elementor-type=\"wp-page\" data-elementor-id=\"35105\" class=\"elementor elementor-35105 elementor-3\">\n\t\t\t\t\t\t<section class=\"elementor-section elementor-top-section elementor-element elementor-element-88499ea elementor-section-height-full elementor-section-boxed elementor-section-height-default elementor-section-items-middle\" data-id=\"88499ea\" data-element_type=\"section\" data-settings=\"{&quot;background_background&quot;:&quot;classic&quot;}\">\n\t\t\t\t\t\t\t<div class=\"elementor-background-overlay\"><\/div>\n\t\t\t\t\t\t\t<div class=\"elementor-container elementor-column-gap-default\">\n\t\t\t\t\t<div class=\"elementor-column elementor-col-100 elementor-top-column elementor-element elementor-element-9985b9e\" data-id=\"9985b9e\" data-element_type=\"column\">\n\t\t\t<div class=\"elementor-widget-wrap elementor-element-populated\">\n\t\t\t\t\t\t<section class=\"elementor-section elementor-inner-section elementor-element elementor-element-4ba114b elementor-reverse-mobile homepage-hero elementor-section-boxed elementor-section-height-default elementor-section-height-default\" data-id=\"4ba114b\" data-element_type=\"section\">\n\t\t\t\t\t\t<div class=\"elementor-container elementor-column-gap-default\">\n\t\t\t\t\t<div class=\"elementor-column elementor-col-100 elementor-inner-column elementor-element elementor-element-afc16ef\" data-id=\"afc16ef\" data-element_type=\"column\">\n\t\t\t<div class=\"elementor-widget-wrap elementor-element-populated\">\n\t\t\t\t\t\t<div class=\"elementor-element elementor-element-7089e12 elementor-widget elementor-widget-image-box\" data-id=\"7089e12\" data-element_type=\"widget\" data-widget_type=\"image-box.default\">\n\t\t\t\t<div class=\"elementor-widget-container\">\n\t\t\t\t\t<div class=\"elementor-image-box-wrapper\"><div class=\"elementor-image-box-content\"><h1 class=\"elementor-image-box-title\">Pol\u00edtica de privacidad<\/h1><p class=\"elementor-image-box-description\"><p>Cuaderno de ejercicios de bienestar para el cuidado y la educaci\u00f3n de la primera infancia<\/p><\/p><\/div><\/div>\t\t\t\t<\/div>\n\t\t\t\t<\/div>\n\t\t\t\t\t<\/div>\n\t\t<\/div>\n\t\t\t\t\t<\/div>\n\t\t<\/section>\n\t\t\t\t\t<\/div>\n\t\t<\/div>\n\t\t\t\t\t<\/div>\n\t\t<\/section>\n\t\t\t\t<section class=\"elementor-section elementor-top-section elementor-element elementor-element-c272414 elementor-section-boxed elementor-section-height-default elementor-section-height-default\" data-id=\"c272414\" data-element_type=\"section\">\n\t\t\t\t\t\t<div class=\"elementor-container elementor-column-gap-default\">\n\t\t\t\t\t<div class=\"elementor-column elementor-col-100 elementor-top-column elementor-element elementor-element-6bc25f2\" data-id=\"6bc25f2\" data-element_type=\"column\">\n\t\t\t<div class=\"elementor-widget-wrap elementor-element-populated\">\n\t\t\t\t\t\t<div class=\"elementor-element elementor-element-0e18d56 elementor-widget elementor-widget-text-editor\" data-id=\"0e18d56\" data-element_type=\"widget\" data-widget_type=\"text-editor.default\">\n\t\t\t\t<div class=\"elementor-widget-container\">\n\t\t\t\t\t\t\t\t\t<p class=\"p1\"><br>Esta Pol\u00edtica de privacidad describe el uso de la informaci\u00f3n recopilada por la Guia de bienestar de Nemours Children&#8217;s Health para la atenci\u00f3n temprana &#038; educaci\u00f3n (CEPE, Early Care and Education, sus siglas en ingl\u00e9s). Lea atentamente toda la pol\u00edtica para comprender qu\u00e9 informaci\u00f3n se recopila, c\u00f3mo se utiliza y c\u00f3mo se protege. Esta pol\u00edtica puede actualizarse, as\u00ed que aseg\u00farese de visitar esta p\u00e1gina regularmente para conocer cualquier cambio en la forma en que usamos y protegemos su informaci\u00f3n.<\/p>\n<p class=\"p1\"><b>Informaci\u00f3n de registro recopilada e informaci\u00f3n de evaluaci\u00f3n del programa<br><\/b>El uso del Guia de bienestar para CET es completamente voluntario. Al registrarse en la Guia de bienestar para CET, proporcionar\u00e1 informaci\u00f3n sobre usted y su programa de cuidado infantil. No se recopila informaci\u00f3n sobre ning\u00fan ni\u00f1o espec\u00edfico. Puede proporcionar solo la informaci\u00f3n con la que que se sienta c\u00f3modo compartiendo. El personal de Nemours Children puede revisar su informaci\u00f3n de registro y la informaci\u00f3n recopilada a trav\u00e9s de las evaluaciones del programa.<\/p>\n<p class=\"p3\"><span class=\"s1\">Si est\u00e1 utilizando la Guia de bienestar como parte de un proyecto formal de capacitaci\u00f3n y asistencia t\u00e9cnica, entonces su informaci\u00f3n de registro y las respuestas de la evaluaci\u00f3n del programa se pueden ver o compartir con un t\u00e9cnico capacitado, proveedor de asistencia o entrenador. Usted recibir\u00e1 apoyo directo del instructor o mentor y sabr\u00e1 su nombre. Si lo sabe en el momento de la inscripci\u00f3n, se le pedir\u00e1 que proporcione el nombre del instructor asignado para ayudarlo a mejorar las pr\u00e1cticas y pol\u00edticas en su programa de cuidado infantil. Este instructor revisar\u00e1 los resultados de la evaluaci\u00f3n de su programa para comprender la mejor manera de apoyarlo y proporcionarle los recursos t\u00e9cnicos seg\u00fan sea necesario. <\/span>Se le puede solicitar a Nemours Children\u2019s que proporcione datos de informes resumidos a socios como los departamentos de salud estatales o financiadores para comprender y realizar un seguimiento de la participaci\u00f3n. No se compartir\u00e1n datos de identificaci\u00f3n personal. <span class=\"s1\">Haremos todo lo posible para mantener su informaci\u00f3n confidencial y an\u00f3nima. Todos los datos se almacenan en un formato electr\u00f3nico protegido por contrase\u00f1a. La informaci\u00f3n relacionada con los programas de cuidado infantil solo se presentar\u00e1 de forma conjunta.<br><\/span><b><br>Relaciones externas<\/b><\/p>\n<p class=\"p1\">Nemours Children\u2019s no comparte ni vende ninguna informaci\u00f3n sobre los usuarios del Guia de bienestar. No seleccionamos ni compartimos contenido con base en las relaciones con proveedores externos. No aceptamos publicidad ni patrocinio de proveedores externos.<\/p>\n<p class=\"p1\"><b>Direcciones IP<br><\/b><br>Recopilamos direcciones IP (Protocolo de Internet) con el fin de analizar estad\u00edsticas de tr\u00e1fico agregadas. Una direcci\u00f3n IP es un conjunto de n\u00fameros asignados a una conexi\u00f3n a Internet determinada cuando se conecta a Internet; sin embargo, una direcci\u00f3n IP no es exclusiva de una computadora dada. A trav\u00e9s del an\u00e1lisis de la direcci\u00f3n IP no podemos determinar la identidad de nuestros visitantes, pero podemos determinar de\u00a0qu\u00e9 parte del mundo se est\u00e1n conectando y qu\u00e9 proveedor de servicios de Internet (ISP), sistema operativo y navegador web utilizan. No vendemos ni compartimos la informaci\u00f3n de la direcci\u00f3n IP con ning\u00fan proveedor u otras organizaciones de atenci\u00f3n m\u00e9dica.<\/p>\n<p class=\"p1\"><b>Cookies<br><\/b><span style=\"font-size: 16px;\"><b><br><\/b>Una &#8220;cookie&#8221; es un peque\u00f1o archivo de datos almacenado en su disco duro. Las cookies se utilizan para almacenar peque\u00f1os fragmentos de informaci\u00f3n b\u00e1sica para que el usuario no necesite volver a enviar continuamente al sitio esos datos. Algunas partes del sitio requieren un inicio de sesi\u00f3n y\/o el uso de cookies. En estas \u00e1reas su navegador debe estar configurado para aceptar cookies. Las cookies solo se utilizan para realizar un seguimiento del hecho de que el usuario ha iniciado sesi\u00f3n correctamente o ha realizado una tarea determinada. No se utilizan para almacenar ninguna informaci\u00f3n sobre los usuarios.<\/span><\/p>\n<p class=\"p1\">Adem\u00e1s, Nemours Children\u2019s puede incluir una cookie de terceros de Google para usar Google Analytics para monitorear las estad\u00edsticas del sitio. Tenga en cuenta que Google y sus subsidiarias de propiedad absoluta pueden retener y usar, sujeto a los t\u00e9rminos de su Pol\u00edtica de privacidad, la informaci\u00f3n recopilada en su uso del Servicio.<\/p>\n<p class=\"p1\">La mayor\u00eda de los navegadores ofrecen instrucciones sobre c\u00f3mo restablecer el navegador para rechazar las cookies en la secci\u00f3n &#8220;Ayuda&#8221; de la barra de herramientas. No\u00a0tiene que aceptar nuestras cookies para usar nuestro sitio de manera productiva. No utilizamos cookies para recopilar o almacenar informaci\u00f3n personal sobre usted.<\/p>\n<p class=\"p1\"><b>Aviso de pr\u00e1cticas de privacidad de Nemours Children<\/b><\/p>\n<p class=\"p1\">Las personas tienen derecho a recibir una notificaci\u00f3n adecuada sobre los usos y divulgaciones de la informaci\u00f3n m\u00e9dica protegida que pueda realizar Nemours Children&#8217;s, y sobre los derechos de las personas y las obligaciones legales de Nemours Children&#8217;s con respecto a la informaci\u00f3n m\u00e9dica protegida. Consulte las\u00a0<a href=\"http:\/\/www.nemours.org\/hipaa.html\"><span class=\"s2\">pr\u00e1cticas de privacidad de HIPAA<\/span><\/a> de Nemours.<\/p>\n<p class=\"p1\"><b>Sitios externos<\/b><\/p>\n<p class=\"p1\">La Guia de bienestar de bienestar\u00a0incluye hiperv\u00ednculos que conducen a sitios fuera de nuestro sitio web. Nuestra Pol\u00edtica de privacidad se aplica solo la Guia de bienestar para CET. Los hiperv\u00ednculos que conducen a sitios externos se abrir\u00e1n en una ventana de navegador separada. Cada vez que visite un sitio fuera de Guia de bienestar, debe leer siempre la pol\u00edtica de privacidad de ese sitio. No asuma que ninguna de las estipulaciones de esta\u00a0Pol\u00edtica de privacidad se aplica a otros sitios web. Ellos no. No somos responsables de las pr\u00e1cticas de privacidad de otros sitios web. Los enlaces a sitios externos se proporcionan como un servicio de informaci\u00f3n general para el p\u00fablico.<\/p>\n<p class=\"p1\"><b>Comunicaciones<\/b><\/p>\n<p class=\"p1\">Si tiene alguna pregunta o inquietud con respecto a las pr\u00e1cticas de privacidad de Nemours Children&#8217;s, puede comunicarse con cualquiera de sus departamentos, equipo o persona llamando al (800) 767-5437 (800-SOS-KIDS).<\/ p>\n<p class=\"p1\">Si desea presentar una queja o tiene alguna pregunta sobre la privacidad de su informaci\u00f3n de atenci\u00f3n m\u00e9dica, comun\u00edquese con el director de privacidad de Nemours Children&#8217;s al (800) 472-6610 o env\u00ede un correo electr\u00f3nico a\u00a0<a href=\"mailto:privacy@nemours.org\"><span class=\"s2\">privacy@nemours.org<\/span><\/a>, o cont\u00e1ctenos por correo a esta direcci\u00f3n:<\/p>\n<p class=\"p1\">Nemours<br>Atenci\u00f3n: Oficial de Privacidad<br>10140 Centurion Parkway North<br>Jacksonville, FL 32256<\/p>\n<p class=\"p1\">Si desea permanecer en el anonimato, llame al (866) 636-4685 (NEM-HOTLine).<\/p>\n<p class=\"p1\">Al establecer comunicaci\u00f3n con respecto a las pr\u00e1cticas de la pol\u00edtica de Nemours, no se garantiza la puntualidad de la respuesta. Sin embargo, su consulta es muy importante para nosotros y haremos todo lo posible para responder r\u00e1pidamente a su consulta.<\/p>\n<p class=\"p1\"><b>Cambios y modificaciones<\/b><\/p>\n<p class=\"p1\">Debe leer nuestra Pol\u00edtica de privacidad cada vez que visite la Guia de bienestar para CET. A medida que se agreguen nuevas caracter\u00edsticas al sitio, ser\u00e1 necesario cambiar algunos aspectos de la pol\u00edtica. Nos reservamos el derecho de modificar nuestra Pol\u00edtica de privacidad en cualquier momento.<\/p>\n<p class=\"p1\"><b>Informaci\u00f3n adicional<\/b><\/p>\n<p class=\"p1\">Si tiene alguna pregunta o inquietud sobre la Guia de bienestar para CET, comun\u00edquese con <a href=\"mailto:workbook@healthykidshealthyfuture.org\"><span class=\"s3\">workbook@healthykidshealthyfuture. org<\/span><\/a><br><br><\/p>\t\t\t\t\t\t\t\t<\/div>\n\t\t\t\t<\/div>\n\t\t\t\t\t<\/div>\n\t\t<\/div>\n\t\t\t\t\t<\/div>\n\t\t<\/section>\n\t\t\t\t<\/div>\n\t\t","protected":false},"excerpt":{"rendered":"<p>Pol\u00edtica de privacidad Cuaderno de ejercicios de bienestar para el cuidado y la educaci\u00f3n de la primera infancia Esta Pol\u00edtica de privacidad describe el uso de la informaci\u00f3n recopilada por la Guia de bienestar de Nemours Children&#8217;s Health para la atenci\u00f3n temprana &#038; educaci\u00f3n (CEPE, Early Care and Education, sus siglas en ingl\u00e9s). Lea atentamente &hellip;<\/p>\n<p class=\"read-more\"> <a class=\"\" href=\"https:\/\/workbook.healthykidshealthyfuture.org\/es\/privacy-policy\/\"> <span class=\"screen-reader-text\">Privacy Policy<\/span> Leer m\u00e1s &raquo;<\/a><\/p>\n","protected":false},"author":1,"featured_media":0,"parent":0,"menu_order":0,"comment_status":"closed","ping_status":"closed","template":"","meta":{"footnotes":""},"class_list":["post-35105","page","type-page","status-publish","hentry"],"_links":{"self":[{"href":"https:\/\/workbook.healthykidshealthyfuture.org\/es\/wp-json\/wp\/v2\/pages\/35105","targetHints":{"allow":["GET"]}}],"collection":[{"href":"https:\/\/workbook.healthykidshealthyfuture.org\/es\/wp-json\/wp\/v2\/pages"}],"about":[{"href":"https:\/\/workbook.healthykidshealthyfuture.org\/es\/wp-json\/wp\/v2\/types\/page"}],"author":[{"embeddable":true,"href":"https:\/\/workbook.healthykidshealthyfuture.org\/es\/wp-json\/wp\/v2\/users\/1"}],"replies":[{"embeddable":true,"href":"https:\/\/workbook.healthykidshealthyfuture.org\/es\/wp-json\/wp\/v2\/comments?post=35105"}],"version-history":[{"count":6,"href":"https:\/\/workbook.healthykidshealthyfuture.org\/es\/wp-json\/wp\/v2\/pages\/35105\/revisions"}],"predecessor-version":[{"id":35469,"href":"https:\/\/workbook.healthykidshealthyfuture.org\/es\/wp-json\/wp\/v2\/pages\/35105\/revisions\/35469"}],"wp:attachment":[{"href":"https:\/\/workbook.healthykidshealthyfuture.org\/es\/wp-json\/wp\/v2\/media?parent=35105"}],"curies":[{"name":"wp","href":"https:\/\/api.w.org\/{rel}","templated":true}]}}