{"id":35086,"date":"2020-03-19T20:11:04","date_gmt":"2020-03-19T20:11:04","guid":{"rendered":"http:\/\/workbook.healthykidshealthyfuture.org\/wellness-policy\/"},"modified":"2022-10-25T03:54:07","modified_gmt":"2022-10-25T03:54:07","slug":"wellness-policy","status":"publish","type":"page","link":"https:\/\/workbook.healthykidshealthyfuture.org\/es\/wellness-policy\/","title":{"rendered":"Wellness Policy"},"content":{"rendered":"\t\t<div data-elementor-type=\"wp-page\" data-elementor-id=\"35086\" class=\"elementor elementor-35086 elementor-26756\">\n\t\t\t\t\t\t<section class=\"elementor-section elementor-top-section elementor-element elementor-element-5d360ce elementor-section-height-full elementor-section-boxed elementor-section-height-default elementor-section-items-middle\" data-id=\"5d360ce\" data-element_type=\"section\">\n\t\t\t\t\t\t\t<div class=\"elementor-background-overlay\"><\/div>\n\t\t\t\t\t\t\t<div class=\"elementor-container elementor-column-gap-default\">\n\t\t\t\t\t<div class=\"elementor-column elementor-col-100 elementor-top-column elementor-element elementor-element-40c4200\" data-id=\"40c4200\" data-element_type=\"column\">\n\t\t\t<div class=\"elementor-widget-wrap elementor-element-populated\">\n\t\t\t\t\t\t<section class=\"elementor-section elementor-inner-section elementor-element elementor-element-32a9b0f elementor-reverse-mobile homepage-hero elementor-section-boxed elementor-section-height-default elementor-section-height-default\" data-id=\"32a9b0f\" data-element_type=\"section\">\n\t\t\t\t\t\t<div class=\"elementor-container elementor-column-gap-default\">\n\t\t\t\t\t<div class=\"elementor-column elementor-col-100 elementor-inner-column elementor-element elementor-element-a3828cd\" data-id=\"a3828cd\" data-element_type=\"column\">\n\t\t\t<div class=\"elementor-widget-wrap elementor-element-populated\">\n\t\t\t\t\t\t<div class=\"elementor-element elementor-element-fae45f0 elementor-widget elementor-widget-image-box\" data-id=\"fae45f0\" data-element_type=\"widget\" data-widget_type=\"image-box.default\">\n\t\t\t\t<div class=\"elementor-widget-container\">\n\t\t\t\t\t<div class=\"elementor-image-box-wrapper\"><div class=\"elementor-image-box-content\"><h1 class=\"elementor-image-box-title\">Pol\u00edtica de bienestar<br><\/h1><p class=\"elementor-image-box-description\">Cree una Pol\u00edtica de bienestar personalizada para su programa CET. Utilice los resultados de sus autoevaluaciones al crear su Pol\u00edtica de bienestar.<\/p><\/div><\/div>\t\t\t\t<\/div>\n\t\t\t\t<\/div>\n\t\t\t\t\t<\/div>\n\t\t<\/div>\n\t\t\t\t\t<\/div>\n\t\t<\/section>\n\t\t\t\t\t<\/div>\n\t\t<\/div>\n\t\t\t\t\t<\/div>\n\t\t<\/section>\n\t\t\t\t<section class=\"elementor-section elementor-top-section elementor-element elementor-element-0201232 elementor-section-boxed elementor-section-height-default elementor-section-height-default\" data-id=\"0201232\" data-element_type=\"section\">\n\t\t\t\t\t\t<div class=\"elementor-container elementor-column-gap-default\">\n\t\t\t\t\t<div class=\"elementor-column elementor-col-100 elementor-top-column elementor-element elementor-element-7fed482\" data-id=\"7fed482\" data-element_type=\"column\">\n\t\t\t<div class=\"elementor-widget-wrap\">\n\t\t\t\t\t\t\t<\/div>\n\t\t<\/div>\n\t\t\t\t\t<\/div>\n\t\t<\/section>\n\t\t\t\t<section class=\"elementor-section elementor-top-section elementor-element elementor-element-b9b576a elementor-section-boxed elementor-section-height-default elementor-section-height-default\" data-id=\"b9b576a\" data-element_type=\"section\">\n\t\t\t\t\t\t<div class=\"elementor-container elementor-column-gap-default\">\n\t\t\t\t\t<div class=\"elementor-column elementor-col-100 elementor-top-column elementor-element elementor-element-1ff2b2f\" data-id=\"1ff2b2f\" data-element_type=\"column\">\n\t\t\t<div class=\"elementor-widget-wrap elementor-element-populated\">\n\t\t\t\t\t\t<div class=\"elementor-element elementor-element-cd5cc58 wellness-policy-form elementor-widget elementor-widget-shortcode\" data-id=\"cd5cc58\" data-element_type=\"widget\" data-widget_type=\"shortcode.default\">\n\t\t\t\t<div class=\"elementor-widget-container\">\n\t\t\t\t\t\t\t<div class=\"elementor-shortcode\">Inicie sesi\u00f3n para ver esta p\u00e1gina.<\/div>\n\t\t\t\t\t\t<\/div>\n\t\t\t\t<\/div>\n\t\t\t\t\t<\/div>\n\t\t<\/div>\n\t\t\t\t\t<\/div>\n\t\t<\/section>\n\t\t\t\t<section class=\"elementor-section elementor-top-section elementor-element elementor-element-dd4016d elementor-section-boxed elementor-section-height-default elementor-section-height-default\" data-id=\"dd4016d\" data-element_type=\"section\">\n\t\t\t\t\t\t<div class=\"elementor-container elementor-column-gap-default\">\n\t\t\t\t\t<div class=\"elementor-column elementor-col-100 elementor-top-column elementor-element elementor-element-2513c62\" data-id=\"2513c62\" data-element_type=\"column\">\n\t\t\t<div class=\"elementor-widget-wrap elementor-element-populated\">\n\t\t\t\t\t\t<div class=\"elementor-element elementor-element-253a2aa elementor-widget elementor-widget-spacer\" data-id=\"253a2aa\" data-element_type=\"widget\" data-widget_type=\"spacer.default\">\n\t\t\t\t<div class=\"elementor-widget-container\">\n\t\t\t\t\t\t\t<div class=\"elementor-spacer\">\n\t\t\t<div class=\"elementor-spacer-inner\"><\/div>\n\t\t<\/div>\n\t\t\t\t\t\t<\/div>\n\t\t\t\t<\/div>\n\t\t\t\t\t<\/div>\n\t\t<\/div>\n\t\t\t\t\t<\/div>\n\t\t<\/section>\n\t\t\t\t<\/div>\n\t\t","protected":false},"excerpt":{"rendered":"<p>Pol\u00edtica de bienestar Cree una Pol\u00edtica de bienestar personalizada para su programa CET. Utilice los resultados de sus autoevaluaciones al crear su Pol\u00edtica de bienestar.<\/p>\n","protected":false},"author":1,"featured_media":0,"parent":0,"menu_order":0,"comment_status":"closed","ping_status":"closed","template":"","meta":{"footnotes":""},"class_list":["post-35086","page","type-page","status-publish","hentry"],"_links":{"self":[{"href":"https:\/\/workbook.healthykidshealthyfuture.org\/es\/wp-json\/wp\/v2\/pages\/35086","targetHints":{"allow":["GET"]}}],"collection":[{"href":"https:\/\/workbook.healthykidshealthyfuture.org\/es\/wp-json\/wp\/v2\/pages"}],"about":[{"href":"https:\/\/workbook.healthykidshealthyfuture.org\/es\/wp-json\/wp\/v2\/types\/page"}],"author":[{"embeddable":true,"href":"https:\/\/workbook.healthykidshealthyfuture.org\/es\/wp-json\/wp\/v2\/users\/1"}],"replies":[{"embeddable":true,"href":"https:\/\/workbook.healthykidshealthyfuture.org\/es\/wp-json\/wp\/v2\/comments?post=35086"}],"version-history":[{"count":5,"href":"https:\/\/workbook.healthykidshealthyfuture.org\/es\/wp-json\/wp\/v2\/pages\/35086\/revisions"}],"predecessor-version":[{"id":35481,"href":"https:\/\/workbook.healthykidshealthyfuture.org\/es\/wp-json\/wp\/v2\/pages\/35086\/revisions\/35481"}],"wp:attachment":[{"href":"https:\/\/workbook.healthykidshealthyfuture.org\/es\/wp-json\/wp\/v2\/media?parent=35086"}],"curies":[{"name":"wp","href":"https:\/\/api.w.org\/{rel}","templated":true}]}}