{"id":34140,"date":"2018-11-19T19:50:38","date_gmt":"2018-11-19T19:50:38","guid":{"rendered":"http:\/\/workbook.healthykidshealthyfuture.org\/home\/"},"modified":"2022-10-25T13:46:23","modified_gmt":"2022-10-25T13:46:23","slug":"home","status":"publish","type":"page","link":"https:\/\/workbook.healthykidshealthyfuture.org\/es\/","title":{"rendered":"Home"},"content":{"rendered":"\t\t<div data-elementor-type=\"wp-post\" data-elementor-id=\"34140\" class=\"elementor elementor-34140 elementor-39\">\n\t\t\t\t\t\t<section class=\"elementor-section elementor-top-section elementor-element elementor-element-53d02b5a elementor-section-height-full elementor-section-boxed elementor-section-height-default elementor-section-items-middle\" data-id=\"53d02b5a\" data-element_type=\"section\" data-settings=\"{&quot;background_background&quot;:&quot;classic&quot;}\">\n\t\t\t\t\t\t\t<div class=\"elementor-background-overlay\"><\/div>\n\t\t\t\t\t\t\t<div class=\"elementor-container elementor-column-gap-default\">\n\t\t\t\t\t<div class=\"elementor-column elementor-col-100 elementor-top-column elementor-element elementor-element-155c094d\" data-id=\"155c094d\" data-element_type=\"column\">\n\t\t\t<div class=\"elementor-widget-wrap elementor-element-populated\">\n\t\t\t\t\t\t<section class=\"elementor-section elementor-inner-section elementor-element elementor-element-7952db95 elementor-reverse-mobile homepage-hero elementor-section-boxed elementor-section-height-default elementor-section-height-default\" data-id=\"7952db95\" data-element_type=\"section\">\n\t\t\t\t\t\t<div class=\"elementor-container elementor-column-gap-default\">\n\t\t\t\t\t<div class=\"elementor-column elementor-col-100 elementor-inner-column elementor-element elementor-element-748267a0\" data-id=\"748267a0\" data-element_type=\"column\">\n\t\t\t<div class=\"elementor-widget-wrap elementor-element-populated\">\n\t\t\t\t\t\t<div class=\"elementor-element elementor-element-9603b3a elementor-widget elementor-widget-image-box\" data-id=\"9603b3a\" data-element_type=\"widget\" data-widget_type=\"image-box.default\">\n\t\t\t\t<div class=\"elementor-widget-container\">\n\t\t\t\t\t<div class=\"elementor-image-box-wrapper\"><div class=\"elementor-image-box-content\"><h1 class=\"elementor-image-box-title\">Gu\u00eda de bienestar para el cuidado y educaci\u00f3n temprana (CET)<\/h1><p class=\"elementor-image-box-description\"><p>Promover h\u00e1bitos saludables hoy para un ma\u00f1ana m\u00e1s saludable<\/p>\n<p><span class=\"login-instructions\">Iniciar sesi\u00f3n para comenzar:<\/span><\/p>\n<div class=\"learndash-wrapper\"><a class=\"ld-login ld-login ld-login-text ld-login-button ld-button\" href=\"#login\"><span class=\"ld-icon ld-icon-login ld-icon-left\"><\/span>Iniciar sesi\u00f3n<\/a><\/div><\/p><\/div><\/div>\t\t\t\t<\/div>\n\t\t\t\t<\/div>\n\t\t\t\t\t<\/div>\n\t\t<\/div>\n\t\t\t\t\t<\/div>\n\t\t<\/section>\n\t\t\t\t\t<\/div>\n\t\t<\/div>\n\t\t\t\t\t<\/div>\n\t\t<\/section>\n\t\t\t\t<section class=\"elementor-section elementor-top-section elementor-element elementor-element-2b7c8e5a elementor-section-boxed elementor-section-height-default elementor-section-height-default\" data-id=\"2b7c8e5a\" data-element_type=\"section\" data-settings=\"{&quot;background_background&quot;:&quot;classic&quot;}\">\n\t\t\t\t\t\t<div class=\"elementor-container elementor-column-gap-default\">\n\t\t\t\t\t<div class=\"elementor-column elementor-col-100 elementor-top-column elementor-element elementor-element-6ee9448b\" data-id=\"6ee9448b\" data-element_type=\"column\">\n\t\t\t<div class=\"elementor-widget-wrap elementor-element-populated\">\n\t\t\t\t\t\t<div class=\"elementor-element elementor-element-51b18dd elementor-widget elementor-widget-image-box\" data-id=\"51b18dd\" data-element_type=\"widget\" data-widget_type=\"image-box.default\">\n\t\t\t\t<div class=\"elementor-widget-container\">\n\t\t\t\t\t<div class=\"elementor-image-box-wrapper\"><div class=\"elementor-image-box-content\"><h2 class=\"elementor-image-box-title\">Bienvenido a la Gu\u00eda de bienestar<\/h2><p class=\"elementor-image-box-description\">La gu\u00eda de bienestar ayuda a los proveedores de CET, las familias y los socios comunitarios a trabajar juntos para criar ni\u00f1os felices y activos. Los profesionales de CET pueden usar esta gu\u00eda virtual para evaluar, desarrollar y monitorear las pol\u00edticas y pr\u00e1cticas de bienestar de su programa. Visite la <a href=\"https:\/\/workbook.healthykidshealthyfuture.org\/es\/introduction\/\">Introducci\u00f3n<\/a> para aprender c\u00f3mo empezar.<\/p><\/div><\/div>\t\t\t\t<\/div>\n\t\t\t\t<\/div>\n\t\t\t\t\t<\/div>\n\t\t<\/div>\n\t\t\t\t\t<\/div>\n\t\t<\/section>\n\t\t\t\t<section class=\"elementor-section elementor-top-section elementor-element elementor-element-7bda790 elementor-section-boxed elementor-section-height-default elementor-section-height-default\" data-id=\"7bda790\" data-element_type=\"section\" data-settings=\"{&quot;background_background&quot;:&quot;classic&quot;,&quot;shape_divider_bottom&quot;:&quot;waves&quot;}\">\n\t\t\t\t\t<div class=\"elementor-shape elementor-shape-bottom\" data-negative=\"false\">\n\t\t\t<svg xmlns=\"http:\/\/www.w3.org\/2000\/svg\" viewBox=\"0 0 1000 100\" preserveAspectRatio=\"none\">\n\t<path class=\"elementor-shape-fill\" d=\"M421.9,6.5c22.6-2.5,51.5,0.4,75.5,5.3c23.6,4.9,70.9,23.5,100.5,35.7c75.8,32.2,133.7,44.5,192.6,49.7\n\tc23.6,2.1,48.7,3.5,103.4-2.5c54.7-6,106.2-25.6,106.2-25.6V0H0v30.3c0,0,72,32.6,158.4,30.5c39.2-0.7,92.8-6.7,134-22.4\n\tc21.2-8.1,52.2-18.2,79.7-24.2C399.3,7.9,411.6,7.5,421.9,6.5z\"\/>\n<\/svg>\t\t<\/div>\n\t\t\t\t\t<div class=\"elementor-container elementor-column-gap-default\">\n\t\t\t\t\t<div class=\"elementor-column elementor-col-100 elementor-top-column elementor-element elementor-element-1b7a26ff\" data-id=\"1b7a26ff\" data-element_type=\"column\">\n\t\t\t<div class=\"elementor-widget-wrap elementor-element-populated\">\n\t\t\t\t\t\t<section class=\"elementor-section elementor-inner-section elementor-element elementor-element-4fc96f65 elementor-section-boxed elementor-section-height-default elementor-section-height-default\" data-id=\"4fc96f65\" data-element_type=\"section\">\n\t\t\t\t\t\t<div class=\"elementor-container elementor-column-gap-default\">\n\t\t\t\t\t<div class=\"elementor-column elementor-col-100 elementor-inner-column elementor-element elementor-element-acd9096\" data-id=\"acd9096\" data-element_type=\"column\">\n\t\t\t<div class=\"elementor-widget-wrap elementor-element-populated\">\n\t\t\t\t\t\t<div class=\"elementor-element elementor-element-5d0b094 elementor-widget elementor-widget-image-box\" data-id=\"5d0b094\" data-element_type=\"widget\" data-widget_type=\"image-box.default\">\n\t\t\t\t<div class=\"elementor-widget-container\">\n\t\t\t\t\t<div class=\"elementor-image-box-wrapper\"><div class=\"elementor-image-box-content\"><h2 class=\"elementor-image-box-title\">Evaluaciones del programa<\/h2><p class=\"elementor-image-box-description\">Realice una evaluaci\u00f3n de su programa para aprender c\u00f3mo su programa de CET ya est\u00e9 promoviendo h\u00e1bitos saludables y c\u00f3mo mejorar. Los resultados de la evaluaci\u00f3n de su programa deben informar su Pol\u00edtica de bienestar.<\/p><\/div><\/div>\t\t\t\t<\/div>\n\t\t\t\t<\/div>\n\t\t\t\t<div class=\"elementor-element elementor-element-591dad42 elementor-widget elementor-widget-text-editor\" data-id=\"591dad42\" data-element_type=\"widget\" data-widget_type=\"text-editor.default\">\n\t\t\t\t<div class=\"elementor-widget-container\">\n\t\t\t\t\t\t\t\t\t<div id=\"ld-course-list-content-c25467e521bde0be93d60f0a13953277\" class=\"ld-course-list-content\" data-shortcode-atts=\"{&quot;categoryselector&quot;:&quot;true&quot;,&quot;progress_bar&quot;:&quot;true&quot;,&quot;orderby&quot;:&quot;date&quot;,&quot;order&quot;:&quot;asc&quot;}\">\n\t\t\t<div class=\"ld-course-list-items row\">\n\t<!-- LearnDash Course Grid v1 --><div class=\"ld_course_grid col-sm-8 col-md-4 \">\n\t<article id=\"post-33816\" class=\" thumbnail course post-33816 sfwd-courses type-sfwd-courses status-publish has-post-thumbnail hentry\">\n\t\t\t\t\t\t\t\t<div class=\"ribbon free\">\n\t\t\t\tGratis\t\t\t<\/div>\n\t\t\t\n\t\t\t\t\t\t<a href=\"https:\/\/workbook.healthykidshealthyfuture.org\/es\/courses\/ece-program-registration\/\" rel=\"bookmark\">\n\t\t\t\t<img fetchpriority=\"high\" decoding=\"async\" width=\"300\" height=\"169\" src=\"https:\/\/workbook.healthykidshealthyfuture.org\/wp-content\/uploads\/2020\/03\/hwtg_center_demographics.jpg\" class=\"attachment-medium size-medium wp-post-image\" alt=\"\" \/>\t\t\t<\/a>\n\t\t\t\t\t\n\t\t\t\t\t<div class=\"caption\">\n\t\t\t\t<h3 class=\"entry-title\">Registro del programa de CET<\/h3>\n\t\t\t\t\t\t\t\t<div class=\"entry-content\"><p>Complete el formulario de registro del programa de CET. Al registrarse, obtiene acceso a su gu\u00eda, al progreso espec\u00edfico del programa y a la generaci\u00f3n de la Pol\u00edtica de bienestar de su propio programa. El registro y el acceso a todos los recursos es gratuito.<\/p>\n<\/div>\n\t\t\t\t\t\t\t\t<div class=\"ld_course_grid_button\"><a class=\"btn btn-primary\" role=\"button\" href=\"https:\/\/workbook.healthykidshealthyfuture.org\/es\/courses\/ece-program-registration\/\" rel=\"bookmark\">Continuar&#8230;<\/a><\/div>\n\t\t\t\t\t\t\t\t\t\t\t\t\t\t\t\t\t\t\t\t\t\t\t\t\t\t\t<\/div><!-- .entry-header -->\n\t\t\t<\/article><!-- #post-## -->\n<\/div><!-- .ld_course_grid -->\n<!-- LearnDash Course Grid v1 --><div class=\"ld_course_grid col-sm-8 col-md-4 \">\n\t<article id=\"post-33815\" class=\" thumbnail course post-33815 sfwd-courses type-sfwd-courses status-publish has-post-thumbnail hentry\">\n\t\t\t\t\t\n\t\t\t\t\t\t<a href=\"https:\/\/workbook.healthykidshealthyfuture.org\/es\/courses\/nutrition\/\" rel=\"bookmark\">\n\t\t\t\t<img decoding=\"async\" width=\"300\" height=\"169\" src=\"https:\/\/workbook.healthykidshealthyfuture.org\/wp-content\/uploads\/2020\/03\/hwtg_nutrition.jpg\" class=\"attachment-medium size-medium wp-post-image\" alt=\"\" \/>\t\t\t<\/a>\n\t\t\t\t\t\n\t\t\t\t\t<div class=\"caption\">\n\t\t\t\t<h3 class=\"entry-title\">Nutrici\u00f3n<\/h3>\n\t\t\t\t\t\t\t\t<div class=\"entry-content\"><p>Los programas de CET y las pr\u00e1cticas de los proveedores juegan un papel fundamental en el desarrollo de las preferencias y los comportamientos alimentarios de los ni\u00f1os. Comprenda c\u00f3mo las pr\u00e1cticas y pol\u00edticas de su programa pueden sentar las bases para una alimentaci\u00f3n saludable de por vida.<\/p>\n<\/div>\n\t\t\t\t\t\t\t\t<div class=\"ld_course_grid_button\"><a class=\"btn btn-primary\" role=\"button\" href=\"https:\/\/workbook.healthykidshealthyfuture.org\/es\/courses\/nutrition\/\" rel=\"bookmark\">Continuar&#8230;<\/a><\/div>\n\t\t\t\t\t\t\t\t\t\t\t\t\t\t\t\t\t\t\t\t\t\t\t\t\t\t\t<\/div><!-- .entry-header -->\n\t\t\t<\/article><!-- #post-## -->\n<\/div><!-- .ld_course_grid -->\n<!-- LearnDash Course Grid v1 --><div class=\"ld_course_grid col-sm-8 col-md-4 \">\n\t<article id=\"post-33814\" class=\" thumbnail course post-33814 sfwd-courses type-sfwd-courses status-publish has-post-thumbnail hentry\">\n\t\t\t\t\t\n\t\t\t\t\t\t<a href=\"https:\/\/workbook.healthykidshealthyfuture.org\/es\/courses\/physical-activity\/\" rel=\"bookmark\">\n\t\t\t\t<img decoding=\"async\" width=\"300\" height=\"169\" src=\"https:\/\/workbook.healthykidshealthyfuture.org\/wp-content\/uploads\/2020\/03\/hwtg_physical_activity.jpg\" class=\"attachment-medium size-medium wp-post-image\" alt=\"\" \/>\t\t\t<\/a>\n\t\t\t\t\t\n\t\t\t\t\t<div class=\"caption\">\n\t\t\t\t<h3 class=\"entry-title\">Actividad f\u00edsica<\/h3>\n\t\t\t\t\t\t\t\t<div class=\"entry-content\"><p>Combinar el movimiento con el aprendizaje ayuda a los ni\u00f1os a crecer sanos. Eval\u00fae c\u00f3mo sus pr\u00e1cticas apoyan el juego activo estructurado y no estructurado.<\/p>\n<\/div>\n\t\t\t\t\t\t\t\t<div class=\"ld_course_grid_button\"><a class=\"btn btn-primary\" role=\"button\" href=\"https:\/\/workbook.healthykidshealthyfuture.org\/es\/courses\/physical-activity\/\" rel=\"bookmark\">Continuar&#8230;<\/a><\/div>\n\t\t\t\t\t\t\t\t\t\t\t\t\t\t\t\t\t\t\t\t\t\t\t\t\t\t\t<\/div><!-- .entry-header -->\n\t\t\t<\/article><!-- #post-## -->\n<\/div><!-- .ld_course_grid -->\n<!-- LearnDash Course Grid v1 --><div class=\"ld_course_grid col-sm-8 col-md-4 \">\n\t<article id=\"post-33813\" class=\" thumbnail course post-33813 sfwd-courses type-sfwd-courses status-publish has-post-thumbnail hentry\">\n\t\t\t\t\t\n\t\t\t\t\t\t<a href=\"https:\/\/workbook.healthykidshealthyfuture.org\/es\/courses\/screen-time\/\" rel=\"bookmark\">\n\t\t\t\t<img loading=\"lazy\" decoding=\"async\" width=\"300\" height=\"169\" src=\"https:\/\/workbook.healthykidshealthyfuture.org\/wp-content\/uploads\/2022\/04\/kid_outside-300x169.jpg\" class=\"attachment-medium size-medium wp-post-image\" alt=\"\" srcset=\"https:\/\/workbook.healthykidshealthyfuture.org\/wp-content\/uploads\/2022\/04\/kid_outside-300x169.jpg 300w, https:\/\/workbook.healthykidshealthyfuture.org\/wp-content\/uploads\/2022\/04\/kid_outside-768x432.jpg 768w, https:\/\/workbook.healthykidshealthyfuture.org\/wp-content\/uploads\/2022\/04\/kid_outside.jpg 992w\" sizes=\"(max-width: 300px) 100vw, 300px\" \/>\t\t\t<\/a>\n\t\t\t\t\t\n\t\t\t\t\t<div class=\"caption\">\n\t\t\t\t<h3 class=\"entry-title\">Tiempo de pantalla<\/h3>\n\t\t\t\t\t\t\t\t<div class=\"entry-content\"><p>Los programas de CET pueden promover el juego activo y proporcionar recursos para ayudar a las familias a reducir el tiempo de pantalla.<\/p>\n<\/div>\n\t\t\t\t\t\t\t\t<div class=\"ld_course_grid_button\"><a class=\"btn btn-primary\" role=\"button\" href=\"https:\/\/workbook.healthykidshealthyfuture.org\/es\/courses\/screen-time\/\" rel=\"bookmark\">Continuar&#8230;<\/a><\/div>\n\t\t\t\t\t\t\t\t\t\t\t\t\t\t\t\t\t\t\t\t\t\t\t\t\t\t\t<\/div><!-- .entry-header -->\n\t\t\t<\/article><!-- #post-## -->\n<\/div><!-- .ld_course_grid -->\n<!-- LearnDash Course Grid v1 --><div class=\"ld_course_grid col-sm-8 col-md-4 \">\n\t<article id=\"post-33807\" class=\" thumbnail course post-33807 sfwd-courses type-sfwd-courses status-publish has-post-thumbnail hentry\">\n\t\t\t\t\t\n\t\t\t\t\t\t<a href=\"https:\/\/workbook.healthykidshealthyfuture.org\/es\/courses\/family-engagement\/\" rel=\"bookmark\">\n\t\t\t\t<img loading=\"lazy\" decoding=\"async\" width=\"300\" height=\"169\" src=\"https:\/\/workbook.healthykidshealthyfuture.org\/wp-content\/uploads\/2022\/04\/family_of_three-300x169.jpg\" class=\"attachment-medium size-medium wp-post-image\" alt=\"\" srcset=\"https:\/\/workbook.healthykidshealthyfuture.org\/wp-content\/uploads\/2022\/04\/family_of_three-300x169.jpg 300w, https:\/\/workbook.healthykidshealthyfuture.org\/wp-content\/uploads\/2022\/04\/family_of_three-768x432.jpg 768w, https:\/\/workbook.healthykidshealthyfuture.org\/wp-content\/uploads\/2022\/04\/family_of_three.jpg 992w\" sizes=\"(max-width: 300px) 100vw, 300px\" \/>\t\t\t<\/a>\n\t\t\t\t\t\n\t\t\t\t\t<div class=\"caption\">\n\t\t\t\t<h3 class=\"entry-title\">Participaci\u00f3n familiar<\/h3>\n\t\t\t\t\t\t\t\t<div class=\"entry-content\"><p>Su Pol\u00edtica de bienestar puede ayudar a involucrar al personal del programa, las familias y los socios comunitarios en el apoyo a un entorno saludable.<\/p>\n<\/div>\n\t\t\t\t\t\t\t\t<div class=\"ld_course_grid_button\"><a class=\"btn btn-primary\" role=\"button\" href=\"https:\/\/workbook.healthykidshealthyfuture.org\/es\/courses\/family-engagement\/\" rel=\"bookmark\">Continuar&#8230;<\/a><\/div>\n\t\t\t\t\t\t\t\t\t\t\t\t\t\t\t\t\t\t\t\t\t\t\t\t\t\t\t<\/div><!-- .entry-header -->\n\t\t\t<\/article><!-- #post-## -->\n<\/div><!-- .ld_course_grid -->\n<!-- LearnDash Course Grid v1 --><div class=\"ld_course_grid col-sm-8 col-md-4 \">\n\t<article id=\"post-33811\" class=\" thumbnail course post-33811 sfwd-courses type-sfwd-courses status-publish has-post-thumbnail hentry\">\n\t\t\t\t\t\n\t\t\t\t\t\t<a href=\"https:\/\/workbook.healthykidshealthyfuture.org\/es\/courses\/staff-wellness\/\" rel=\"bookmark\">\n\t\t\t\t<img loading=\"lazy\" decoding=\"async\" width=\"300\" height=\"169\" src=\"https:\/\/workbook.healthykidshealthyfuture.org\/wp-content\/uploads\/2022\/04\/staffcheering-300x169.jpg\" class=\"attachment-medium size-medium wp-post-image\" alt=\"\" srcset=\"https:\/\/workbook.healthykidshealthyfuture.org\/wp-content\/uploads\/2022\/04\/staffcheering-300x169.jpg 300w, https:\/\/workbook.healthykidshealthyfuture.org\/wp-content\/uploads\/2022\/04\/staffcheering-768x432.jpg 768w, https:\/\/workbook.healthykidshealthyfuture.org\/wp-content\/uploads\/2022\/04\/staffcheering.jpg 992w\" sizes=\"(max-width: 300px) 100vw, 300px\" \/>\t\t\t<\/a>\n\t\t\t\t\t\n\t\t\t\t\t<div class=\"caption\">\n\t\t\t\t<h3 class=\"entry-title\">Bienestar del personal<\/h3>\n\t\t\t\t\t\t\t\t<div class=\"entry-content\"><p>Para mejorar el ambiente de su programa CET, es importante apoyar a su personal (maestros, personal de servicio de alimentos, etc.) para que hagan cambios saludables en sus propias vidas.<\/p>\n<\/div>\n\t\t\t\t\t\t\t\t<div class=\"ld_course_grid_button\"><a class=\"btn btn-primary\" role=\"button\" href=\"https:\/\/workbook.healthykidshealthyfuture.org\/es\/courses\/staff-wellness\/\" rel=\"bookmark\">Continuar&#8230;<\/a><\/div>\n\t\t\t\t\t\t\t\t\t\t\t\t\t\t\t\t\t\t\t\t\t\t\t\t\t\t\t<\/div><!-- .entry-header -->\n\t\t\t<\/article><!-- #post-## -->\n<\/div><!-- .ld_course_grid -->\n\t<\/div>\n\t\t\t<\/div>\n\t\t\t\t\t\t\t\t\t\t<\/div>\n\t\t\t\t<\/div>\n\t\t\t\t\t<\/div>\n\t\t<\/div>\n\t\t\t\t\t<\/div>\n\t\t<\/section>\n\t\t\t\t\t<\/div>\n\t\t<\/div>\n\t\t\t\t\t<\/div>\n\t\t<\/section>\n\t\t\t\t<section class=\"elementor-section elementor-top-section elementor-element elementor-element-1ffe711 elementor-section-boxed elementor-section-height-default elementor-section-height-default\" data-id=\"1ffe711\" data-element_type=\"section\">\n\t\t\t\t\t\t<div class=\"elementor-container elementor-column-gap-default\">\n\t\t\t\t\t<div class=\"elementor-column elementor-col-100 elementor-top-column elementor-element elementor-element-be95ca7\" data-id=\"be95ca7\" data-element_type=\"column\">\n\t\t\t<div class=\"elementor-widget-wrap elementor-element-populated\">\n\t\t\t\t\t\t<div class=\"elementor-element elementor-element-4d32b99 elementor-widget elementor-widget-heading\" data-id=\"4d32b99\" data-element_type=\"widget\" data-widget_type=\"heading.default\">\n\t\t\t\t<div class=\"elementor-widget-container\">\n\t\t\t\t\t<h2 class=\"elementor-heading-title elementor-size-default\">Acceda a recursos adicionales para respaldar su Pol\u00edtica de bienestar<\/h2>\t\t\t\t<\/div>\n\t\t\t\t<\/div>\n\t\t\t\t\t<\/div>\n\t\t<\/div>\n\t\t\t\t\t<\/div>\n\t\t<\/section>\n\t\t\t\t<section class=\"elementor-section elementor-top-section elementor-element elementor-element-51c5a09 elementor-section-boxed elementor-section-height-default elementor-section-height-default\" data-id=\"51c5a09\" data-element_type=\"section\">\n\t\t\t\t\t\t<div class=\"elementor-container elementor-column-gap-default\">\n\t\t\t\t\t<div class=\"elementor-column elementor-col-100 elementor-top-column elementor-element elementor-element-e8f8a88\" data-id=\"e8f8a88\" data-element_type=\"column\">\n\t\t\t<div class=\"elementor-widget-wrap elementor-element-populated\">\n\t\t\t\t\t\t<div class=\"elementor-element elementor-element-1a19801 elementor-widget__width-initial elementor-widget elementor-widget-heading\" data-id=\"1a19801\" data-element_type=\"widget\" data-widget_type=\"heading.default\">\n\t\t\t\t<div class=\"elementor-widget-container\">\n\t\t\t\t\t<p class=\"elementor-heading-title elementor-size-default\"><ul>\n<li><a href=\"https:\/\/workbook.healthykidshealthyfuture.org\/es\/plan-de-accion\/\">Plan de acci\u00f3n<\/a>: Desarrolle un plan de acci\u00f3n para ayudarlo a implementar, evaluar y monitorear sus Pol\u00edticas de bienestar.<\/li>\n<li><a href=\"https:\/\/workbook.healthykidshealthyfuture.org\/es\/evaluation\/\">Evaluaci\u00f3n<\/a>: Supervise peri\u00f3dicamente su Pol\u00edtica de bienestar para comprender si funciona bien y d\u00f3nde podr\u00eda seguir mejorando<\/li>\n<\/ul><\/p>\t\t\t\t<\/div>\n\t\t\t\t<\/div>\n\t\t\t\t<div class=\"elementor-element elementor-element-767dc98 elementor-widget elementor-widget-spacer\" data-id=\"767dc98\" data-element_type=\"widget\" data-widget_type=\"spacer.default\">\n\t\t\t\t<div class=\"elementor-widget-container\">\n\t\t\t\t\t\t\t<div class=\"elementor-spacer\">\n\t\t\t<div class=\"elementor-spacer-inner\"><\/div>\n\t\t<\/div>\n\t\t\t\t\t\t<\/div>\n\t\t\t\t<\/div>\n\t\t\t\t\t<\/div>\n\t\t<\/div>\n\t\t\t\t\t<\/div>\n\t\t<\/section>\n\t\t\t\t<\/div>\n\t\t","protected":false},"excerpt":{"rendered":"<p>Gu\u00eda de bienestar para el cuidado y educaci\u00f3n temprana (CET) Promover h\u00e1bitos saludables hoy para un ma\u00f1ana m\u00e1s saludable Iniciar sesi\u00f3n para comenzar: Bienvenido a la Gu\u00eda de bienestar La gu\u00eda de bienestar ayuda a los proveedores de CET, las familias y los socios comunitarios a trabajar juntos para criar ni\u00f1os felices y activos. Los &hellip;<\/p>\n<p class=\"read-more\"> <a class=\"\" href=\"https:\/\/workbook.healthykidshealthyfuture.org\/es\/\"> <span class=\"screen-reader-text\">Home<\/span> Leer m\u00e1s &raquo;<\/a><\/p>\n","protected":false},"author":1,"featured_media":0,"parent":0,"menu_order":0,"comment_status":"closed","ping_status":"closed","template":"","meta":{"footnotes":""},"class_list":["post-34140","page","type-page","status-publish","hentry"],"_links":{"self":[{"href":"https:\/\/workbook.healthykidshealthyfuture.org\/es\/wp-json\/wp\/v2\/pages\/34140","targetHints":{"allow":["GET"]}}],"collection":[{"href":"https:\/\/workbook.healthykidshealthyfuture.org\/es\/wp-json\/wp\/v2\/pages"}],"about":[{"href":"https:\/\/workbook.healthykidshealthyfuture.org\/es\/wp-json\/wp\/v2\/types\/page"}],"author":[{"embeddable":true,"href":"https:\/\/workbook.healthykidshealthyfuture.org\/es\/wp-json\/wp\/v2\/users\/1"}],"replies":[{"embeddable":true,"href":"https:\/\/workbook.healthykidshealthyfuture.org\/es\/wp-json\/wp\/v2\/comments?post=34140"}],"version-history":[{"count":63,"href":"https:\/\/workbook.healthykidshealthyfuture.org\/es\/wp-json\/wp\/v2\/pages\/34140\/revisions"}],"predecessor-version":[{"id":35500,"href":"https:\/\/workbook.healthykidshealthyfuture.org\/es\/wp-json\/wp\/v2\/pages\/34140\/revisions\/35500"}],"wp:attachment":[{"href":"https:\/\/workbook.healthykidshealthyfuture.org\/es\/wp-json\/wp\/v2\/media?parent=34140"}],"curies":[{"name":"wp","href":"https:\/\/api.w.org\/{rel}","templated":true}]}}