{"id":34135,"date":"2022-04-07T15:19:51","date_gmt":"2022-04-07T15:19:51","guid":{"rendered":"http:\/\/workbook.healthykidshealthyfuture.org\/evaluation\/"},"modified":"2022-10-25T03:55:33","modified_gmt":"2022-10-25T03:55:33","slug":"evaluation","status":"publish","type":"page","link":"https:\/\/workbook.healthykidshealthyfuture.org\/es\/evaluation\/","title":{"rendered":"Evaluation"},"content":{"rendered":"\t\t<div data-elementor-type=\"wp-page\" data-elementor-id=\"34135\" class=\"elementor elementor-34135 elementor-33157\">\n\t\t\t\t\t\t<section class=\"elementor-section elementor-top-section elementor-element elementor-element-2223e34f elementor-section-height-full elementor-section-boxed elementor-section-height-default elementor-section-items-middle\" data-id=\"2223e34f\" data-element_type=\"section\" data-settings=\"{&quot;background_background&quot;:&quot;classic&quot;}\">\n\t\t\t\t\t\t\t<div class=\"elementor-background-overlay\"><\/div>\n\t\t\t\t\t\t\t<div class=\"elementor-container elementor-column-gap-default\">\n\t\t\t\t\t<div class=\"elementor-column elementor-col-100 elementor-top-column elementor-element elementor-element-5eafad27\" data-id=\"5eafad27\" data-element_type=\"column\">\n\t\t\t<div class=\"elementor-widget-wrap elementor-element-populated\">\n\t\t\t\t\t\t<section class=\"elementor-section elementor-inner-section elementor-element elementor-element-5ac3532a elementor-reverse-mobile homepage-hero elementor-section-boxed elementor-section-height-default elementor-section-height-default\" data-id=\"5ac3532a\" data-element_type=\"section\">\n\t\t\t\t\t\t<div class=\"elementor-container elementor-column-gap-default\">\n\t\t\t\t\t<div class=\"elementor-column elementor-col-100 elementor-inner-column elementor-element elementor-element-7ac47f5b\" data-id=\"7ac47f5b\" data-element_type=\"column\">\n\t\t\t<div class=\"elementor-widget-wrap elementor-element-populated\">\n\t\t\t\t\t\t<div class=\"elementor-element elementor-element-608b766c elementor-widget elementor-widget-image-box\" data-id=\"608b766c\" data-element_type=\"widget\" data-widget_type=\"image-box.default\">\n\t\t\t\t<div class=\"elementor-widget-container\">\n\t\t\t\t\t<div class=\"elementor-image-box-wrapper\"><div class=\"elementor-image-box-content\"><h1 class=\"elementor-image-box-title\">Evaluaci\u00f3n<\/h1><p class=\"elementor-image-box-description\"><p>Supervise peri\u00f3dicamente su Pol\u00edtica de bienestar para comprender qu\u00e9 est\u00e1 funcionando bien y d\u00f3nde podr\u00eda continuar mejorando<\/p><\/p><\/div><\/div>\t\t\t\t<\/div>\n\t\t\t\t<\/div>\n\t\t\t\t\t<\/div>\n\t\t<\/div>\n\t\t\t\t\t<\/div>\n\t\t<\/section>\n\t\t\t\t\t<\/div>\n\t\t<\/div>\n\t\t\t\t\t<\/div>\n\t\t<\/section>\n\t\t\t\t<section class=\"elementor-section elementor-top-section elementor-element elementor-element-35f74966 elementor-section-boxed elementor-section-height-default elementor-section-height-default\" data-id=\"35f74966\" data-element_type=\"section\">\n\t\t\t\t\t\t<div class=\"elementor-container elementor-column-gap-default\">\n\t\t\t\t\t<div class=\"elementor-column elementor-col-100 elementor-top-column elementor-element elementor-element-5c32a960\" data-id=\"5c32a960\" data-element_type=\"column\">\n\t\t\t<div class=\"elementor-widget-wrap elementor-element-populated\">\n\t\t\t\t\t\t<div class=\"elementor-element elementor-element-4bd2bcf9 elementor-widget elementor-widget-spacer\" data-id=\"4bd2bcf9\" data-element_type=\"widget\" data-widget_type=\"spacer.default\">\n\t\t\t\t<div class=\"elementor-widget-container\">\n\t\t\t\t\t\t\t<div class=\"elementor-spacer\">\n\t\t\t<div class=\"elementor-spacer-inner\"><\/div>\n\t\t<\/div>\n\t\t\t\t\t\t<\/div>\n\t\t\t\t<\/div>\n\t\t\t\t<div class=\"elementor-element elementor-element-f11cc52 elementor-widget elementor-widget-image\" data-id=\"f11cc52\" data-element_type=\"widget\" data-widget_type=\"image.default\">\n\t\t\t\t<div class=\"elementor-widget-container\">\n\t\t\t\t\t\t\t\t\t\t\t\t\t\t\t<img fetchpriority=\"high\" decoding=\"async\" width=\"992\" height=\"558\" src=\"https:\/\/workbook.healthykidshealthyfuture.org\/wp-content\/uploads\/2020\/03\/hwtg_evaluation.jpg\" class=\"attachment-large size-large wp-image-26869\" alt=\"Kids reading a book.\" \/>\t\t\t\t\t\t\t\t\t\t\t\t\t\t\t<\/div>\n\t\t\t\t<\/div>\n\t\t\t\t<div class=\"elementor-element elementor-element-2e675b48 elementor-widget elementor-widget-text-editor\" data-id=\"2e675b48\" data-element_type=\"widget\" data-widget_type=\"text-editor.default\">\n\t\t\t\t<div class=\"elementor-widget-container\">\n\t\t\t\t\t\t\t\t\t<p>Para que una Pol\u00edtica de bienestar respalde mejoras a largo plazo, aseg\u00farese de supervisarla y evaluarla regularmente. Un buen plan de evaluaci\u00f3n no necesita ser una carga para los proveedores de servicios de CET u otras personas involucradas. La evaluaci\u00f3n es importante por las siguientes razones:<\/p><ul><li>El monitoreo de rutina ayuda al programa a verificar peri\u00f3dicamente qu\u00e9 tan bien se administran y respaldan las pol\u00edticas.<\/li><li>Puede ayudar a reforzar las pol\u00edticas con los proveedores de servicios de CET .<\/li><li>Ayuda a mantener las pol\u00edticas actualizadas mediante la realizaci\u00f3n de los cambios necesarios.<\/li><li>Estos cambios pueden mejorar el funcionamiento del programa y pueden agregarse para reflejar nuevas investigaciones, regulaciones y mejores pr\u00e1cticas.<\/li><li>El proceso incluir\u00e1 averiguar qu\u00e9 tan satisfechos est\u00e1n los ni\u00f1os, las familias, los maestros y los proveedores de servicios de CET con las nuevas pol\u00edticas.<\/li><\/ul><h2>Automedici\u00f3n<\/h2 <p>Para ayudar a garantizar que se siga una nueva pol\u00edtica, los programas necesitan procedimientos y un cronograma para monitorear el uso de la pol\u00edtica. Todos los proveedores de servicios de la primera infancia deben estar al tanto de este control. El monitoreo debe incluir:<\/p><ul><li>Observaci\u00f3n rutinaria de los proveedores de servicios para ver si las pr\u00e1cticas diarias cumplen con los requisitos de la pol\u00edtica.<\/li><li>Adiestramiento regular y orientaci\u00f3n para los proveedores de servicios de la primera infancia sobre c\u00f3mo seguir las pol\u00edticas.<\/li<li>Mida los cambios en el apoyo y la promoci\u00f3n de la lactancia materna, la alimentaci\u00f3n infantil, la nutrici\u00f3n, la actividad f\u00edsica y las pr\u00e1cticas de tiempo frente a la pantalla. Esto puede incluir una encuesta de proveedores de servicios de la primera infancia, una encuesta de padres y la observaci\u00f3n de los comportamientos de actividad y alimentaci\u00f3n de los ni\u00f1os.<\/li><li>Identifique las \u00e1reas en las que las pol\u00edticas se est\u00e1n llevando a cabo bien y las \u00e1reas en las que no, as\u00ed como las explicaciones de ambos resultados. Considere completar una autoevaluaci\u00f3n nuevamente para ver c\u00f3mo puede haber aprobado los resultados desde su evaluaci\u00f3n inicial.<\/li><\/ul><h2>Revisi\u00f3n de pol\u00edticas<\/h2><p>Seg\u00fan qu\u00e9 tan bien se implementan las pol\u00edticas, aparecer\u00e1n oportunidades de mejora. Adem\u00e1s, las nuevas investigaciones y regulaciones pueden afectar sus pol\u00edticas relacionadas con el apoyo a la lactancia materna, la alimentaci\u00f3n infantil, la nutrici\u00f3n, la actividad f\u00edsica y el tiempo frente a la pantalla.<\/p><p>El proceso de revisi\u00f3n ayuda a un programa para la primera infancia a priorizar las necesidades del programa y desarrollar un plan de acci\u00f3n. Tambi\u00e9n permite que el programa comunique las pol\u00edticas y las pr\u00e1cticas esperadas a los proveedores de servicios y familias de la primera infancia.<\/p>\t\t\t\t\t\t\t\t<\/div>\n\t\t\t\t<\/div>\n\t\t\t\t\t<\/div>\n\t\t<\/div>\n\t\t\t\t\t<\/div>\n\t\t<\/section>\n\t\t\t\t<\/div>\n\t\t","protected":false},"excerpt":{"rendered":"<p>Evaluaci\u00f3n Supervise peri\u00f3dicamente su Pol\u00edtica de bienestar para comprender qu\u00e9 est\u00e1 funcionando bien y d\u00f3nde podr\u00eda continuar mejorando Para que una Pol\u00edtica de bienestar respalde mejoras a largo plazo, aseg\u00farese de supervisarla y evaluarla regularmente. Un buen plan de evaluaci\u00f3n no necesita ser una carga para los proveedores de servicios de CET u otras personas &hellip;<\/p>\n<p class=\"read-more\"> <a class=\"\" href=\"https:\/\/workbook.healthykidshealthyfuture.org\/es\/evaluation\/\"> <span class=\"screen-reader-text\">Evaluation<\/span> Leer m\u00e1s &raquo;<\/a><\/p>\n","protected":false},"author":1,"featured_media":0,"parent":0,"menu_order":0,"comment_status":"closed","ping_status":"closed","template":"","meta":{"footnotes":""},"class_list":["post-34135","page","type-page","status-publish","hentry"],"_links":{"self":[{"href":"https:\/\/workbook.healthykidshealthyfuture.org\/es\/wp-json\/wp\/v2\/pages\/34135","targetHints":{"allow":["GET"]}}],"collection":[{"href":"https:\/\/workbook.healthykidshealthyfuture.org\/es\/wp-json\/wp\/v2\/pages"}],"about":[{"href":"https:\/\/workbook.healthykidshealthyfuture.org\/es\/wp-json\/wp\/v2\/types\/page"}],"author":[{"embeddable":true,"href":"https:\/\/workbook.healthykidshealthyfuture.org\/es\/wp-json\/wp\/v2\/users\/1"}],"replies":[{"embeddable":true,"href":"https:\/\/workbook.healthykidshealthyfuture.org\/es\/wp-json\/wp\/v2\/comments?post=34135"}],"version-history":[{"count":5,"href":"https:\/\/workbook.healthykidshealthyfuture.org\/es\/wp-json\/wp\/v2\/pages\/34135\/revisions"}],"predecessor-version":[{"id":35488,"href":"https:\/\/workbook.healthykidshealthyfuture.org\/es\/wp-json\/wp\/v2\/pages\/34135\/revisions\/35488"}],"wp:attachment":[{"href":"https:\/\/workbook.healthykidshealthyfuture.org\/es\/wp-json\/wp\/v2\/media?parent=34135"}],"curies":[{"name":"wp","href":"https:\/\/api.w.org\/{rel}","templated":true}]}}